{"id":42,"date":"2026-03-18T11:30:07","date_gmt":"2026-03-18T10:30:07","guid":{"rendered":"https:\/\/joytravel.sepdevfolio.com\/?page_id=42"},"modified":"2026-03-18T11:30:07","modified_gmt":"2026-03-18T10:30:07","slug":"reservation-annulee","status":"publish","type":"page","link":"https:\/\/joytravel.sepdevfolio.com\/es\/confirmation-de-reservation\/reservation-annulee\/","title":{"rendered":"R\u00e9servation annul\u00e9e"},"content":{"rendered":"<p>Votre r\u00e9servation est annul\u00e9e.<\/p>","protected":false},"excerpt":{"rendered":"<p>Votre r\u00e9servation est annul\u00e9e.<\/p>","protected":false},"author":1,"featured_media":0,"parent":40,"menu_order":0,"comment_status":"closed","ping_status":"closed","template":"","meta":{"footnotes":""},"class_list":["post-42","page","type-page","status-publish","hentry"],"acf":[],"_links":{"self":[{"href":"https:\/\/joytravel.sepdevfolio.com\/es\/wp-json\/wp\/v2\/pages\/42","targetHints":{"allow":["GET"]}}],"collection":[{"href":"https:\/\/joytravel.sepdevfolio.com\/es\/wp-json\/wp\/v2\/pages"}],"about":[{"href":"https:\/\/joytravel.sepdevfolio.com\/es\/wp-json\/wp\/v2\/types\/page"}],"author":[{"embeddable":true,"href":"https:\/\/joytravel.sepdevfolio.com\/es\/wp-json\/wp\/v2\/users\/1"}],"replies":[{"embeddable":true,"href":"https:\/\/joytravel.sepdevfolio.com\/es\/wp-json\/wp\/v2\/comments?post=42"}],"version-history":[{"count":0,"href":"https:\/\/joytravel.sepdevfolio.com\/es\/wp-json\/wp\/v2\/pages\/42\/revisions"}],"up":[{"embeddable":true,"href":"https:\/\/joytravel.sepdevfolio.com\/es\/wp-json\/wp\/v2\/pages\/40"}],"wp:attachment":[{"href":"https:\/\/joytravel.sepdevfolio.com\/es\/wp-json\/wp\/v2\/media?parent=42"}],"curies":[{"name":"wp","href":"https:\/\/api.w.org\/{rel}","templated":true}]}}